{"id":281,"date":"2022-09-28T09:05:28","date_gmt":"2022-09-28T09:05:28","guid":{"rendered":"https:\/\/dronesavoie.com\/disclaimer"},"modified":"2022-11-21T15:23:27","modified_gmt":"2022-11-21T15:23:27","slug":"disclaimer","status":"publish","type":"page","link":"https:\/\/dronesavoie.com\/en\/disclaimer","title":{"rendered":"Disclaimer"},"content":{"rendered":"<p>[et_pb_section fb_built=&#8221;1&#8243; module_class=&#8221;chiddn_hide_section_dot&#8221; _builder_version=&#8221;4.18.0&#8243; _module_preset=&#8221;default&#8221; background_color=&#8221;#1f1f1f&#8221; global_colors_info=&#8221;{}&#8221;][et_pb_row _builder_version=&#8221;4.18.0&#8243; _module_preset=&#8221;default&#8221; global_colors_info=&#8221;{}&#8221;][et_pb_column type=&#8221;4_4&#8243; _builder_version=&#8221;4.18.0&#8243; _module_preset=&#8221;default&#8221; global_colors_info=&#8221;{}&#8221;][et_pb_text _builder_version=&#8221;4.18.0&#8243; _module_preset=&#8221;default&#8221; text_font=&#8221;SmallTypeWriting||||||||&#8221; text_text_color=&#8221;#FFFFFF&#8221; link_text_color=&#8221;#E02B20&#8243; header_2_text_color=&#8221;#E02B20&#8243; header_3_text_color=&#8221;#FFFFFF&#8221; hover_enabled=&#8221;0&#8243; global_colors_info=&#8221;{}&#8221; header_2_font=&#8221;ASTRONAUT||||||||&#8221; header_2_font_size=&#8221;30px&#8221; header_3_font=&#8221;ASTRONAUT||||||||&#8221; header_3_font_size=&#8221;20px&#8221; sticky_enabled=&#8221;0&#8243;]<\/p>\n<h2>Disclaimer<\/h2>\n<h3>Propri\u00e9t\u00e9<\/h3>\n<p>Le site dronesavoie.com est la propri\u00e9t\u00e9 de CIARAN HEURTEAU, soci\u00e9t\u00e9 immatricul\u00e9e au RCS le 01\/02\/2014 sous le N\u00b0 de siret 800 699 258 00029. Responsable de la publication \u2013 Ciar\u00e1n Heurteau, G\u00e9rant. Si\u00e8ge social situ\u00e9, ROUTE DE LA MONTAGNE, Petite Bergerie, 73210, LA PLAGNE-TARENTAISE Tel : 06 48 11 50 23. Mail : <a href=\"mailto:hello@dronesavoie.com\">hello@dronesavoie.com<\/a> . Site con\u00e7u, r\u00e9alis\u00e9 par Ciar\u00e1n Heurteau et administr\u00e9 par Ciar\u00e1n Heurteau.<\/p>\n<h3>CONDITIONS GENERALES D\u2019UTILISATION DU SITE<br \/>HEBERGEMENT<\/h3>\n<p>Site h\u00e9berg\u00e9 chez IONOS, RCS Sarreguemines B 431 303 775 00016 Code APE 6311Z Si\u00e8ge social : 7 PL DE LA GARE, 57200 SARREGUEMINES \u2013 France. Support WordPress : <a href=\"mailto:contact@wordpress-hebergement.fr\">contact@wordpress-hebergement.fr<\/a><\/p>\n<h3>REALISATIONS TECHNIQUES ET GRAPHIQUES<\/h3>\n<p>Les informations fournies sur le site drone.com sont \u00e0 titre informatif, et ne saurait garantir l\u2019exactitude, la compl\u00e9tude, l\u2019actualit\u00e9 des informations diffus\u00e9es sur le site. Le responsable de la publication met tout en \u0153uvre pour offrir aux utilisateurs des informations v\u00e9rifi\u00e9s, mais ne saurait \u00eatre tenu pour responsable des erreurs, des omissions et d\u2019une absence de disponibilit\u00e9 des informations.<br \/>En cons\u00e9quence, l\u2019utilisateur reconna\u00eet utiliser ces informations sous sa responsabilit\u00e9 exclusive. D\u2019une mani\u00e8re g\u00e9n\u00e9rale, le responsable de publication ne pourra \u00eatre tenu responsable des dommages directs ou indirects r\u00e9sultant de l\u2019utilisation du site, le site awafilms.com ou d\u2019autres sites qui lui sont li\u00e9s. Les sites ext\u00e9rieurs ayant un lien hypertexte avec le pr\u00e9sent site ne sont pas sous son contr\u00f4le et le responsable de publication d\u00e9cline par cons\u00e9quent toute responsabilit\u00e9 quant \u00e0 leur contenu. L\u2019utilisateur est seul responsable de leur utilisation.<\/p>\n<h1><\/h1>\n<p>[\/et_pb_text][\/et_pb_column][\/et_pb_row][\/et_pb_section][et_pb_section fb_built=&#8221;1&#8243; module_id=&#8221;CONTACT&#8221; _builder_version=&#8221;4.18.0&#8243; _module_preset=&#8221;default&#8221; background_color=&#8221;#1e1e1e&#8221; background_image=&#8221;https:\/\/dronesavoie.com\/wp-content\/uploads\/2022\/09\/DRONE-SAVOIE-ISERE-GIVRE-CIARAN-HEURTEAU-1.jpg&#8221; background_blend=&#8221;soft-light&#8221; height=&#8221;70vh&#8221; height_tablet=&#8221;70vh&#8221; height_phone=&#8221;&#8221; height_last_edited=&#8221;on|phone&#8221; custom_padding=&#8221;||0px||false|false&#8221; custom_css_main_element=&#8221;display:flex;||flex-direction: column;&#8221; global_colors_info=&#8221;{}&#8221; custom_css_main_element_last_edited=&#8221;on|desktop&#8221; custom_css_main_element_tablet=&#8221;display:flex;||flex-direction: column;&#8221; custom_css_main_element_phone=&#8221;display:flex;||flex-direction: column;&#8221;][et_pb_row column_structure=&#8221;1_3,1_3,1_3&#8243; _builder_version=&#8221;4.18.0&#8243; _module_preset=&#8221;default&#8221; global_colors_info=&#8221;{}&#8221;][et_pb_column type=&#8221;1_3&#8243; _builder_version=&#8221;4.18.0&#8243; _module_preset=&#8221;default&#8221; global_colors_info=&#8221;{}&#8221;][et_pb_icon font_icon=&#8221;&#xf5a0;||fa||900&#8243; icon_color=&#8221;#f1f9fb&#8221; icon_width=&#8221;50px&#8221; _builder_version=&#8221;4.18.0&#8243; _module_preset=&#8221;default&#8221; global_colors_info=&#8221;{}&#8221;][\/et_pb_icon][et_pb_text _builder_version=&#8221;4.18.0&#8243; _module_preset=&#8221;default&#8221; text_font=&#8221;SmallTypeWriting||||||||&#8221; text_text_color=&#8221;#f1f9fb&#8221; header_3_font=&#8221;ASTRONAUT||||||||&#8221; header_3_text_color=&#8221;#f1f9fb&#8221; text_font_size_tablet=&#8221;&#8221; text_font_size_phone=&#8221;16px&#8221; text_font_size_last_edited=&#8221;on|phone&#8221; global_colors_info=&#8221;{}&#8221;]<\/p>\n<h3 style=\"text-align: center;\">Adresse<\/h3>\n<p style=\"text-align: center;\">Route de La Montagne<br \/>Petite Bergerie<br \/>73210, La Plagne-Tarentaise<br \/>FRANCE<\/p>\n<p>[\/et_pb_text][\/et_pb_column][et_pb_column type=&#8221;1_3&#8243; _builder_version=&#8221;4.18.0&#8243; _module_preset=&#8221;default&#8221; global_colors_info=&#8221;{}&#8221;][et_pb_icon font_icon=&#8221;&#xf3cd;||fa||900&#8243; icon_color=&#8221;#f1f9fb&#8221; icon_width=&#8221;50px&#8221; _builder_version=&#8221;4.18.0&#8243; _module_preset=&#8221;default&#8221; global_colors_info=&#8221;{}&#8221;][\/et_pb_icon][et_pb_text _builder_version=&#8221;4.18.0&#8243; _module_preset=&#8221;default&#8221; text_font=&#8221;SmallTypeWriting-Medium|900|||||||&#8221; text_text_color=&#8221;#E02B20&#8243; link_text_color=&#8221;#E02B20&#8243; header_3_font=&#8221;ASTRONAUT||||||||&#8221; header_3_text_color=&#8221;#f1f9fb&#8221; text_font_size_tablet=&#8221;&#8221; text_font_size_phone=&#8221;16px&#8221; text_font_size_last_edited=&#8221;on|phone&#8221; global_colors_info=&#8221;{}&#8221;]<\/p>\n<h3 style=\"text-align: center;\">APPELEZ-MOI<\/h3>\n<p style=\"text-align: center;\">+33 (0)6 48115023<\/p>\n<p>[\/et_pb_text][\/et_pb_column][et_pb_column type=&#8221;1_3&#8243; _builder_version=&#8221;4.18.0&#8243; _module_preset=&#8221;default&#8221; global_colors_info=&#8221;{}&#8221;][et_pb_icon font_icon=&#8221;&#xf658;||fa||900&#8243; icon_color=&#8221;#f1f9fb&#8221; icon_width=&#8221;50px&#8221; _builder_version=&#8221;4.18.0&#8243; _module_preset=&#8221;default&#8221; global_colors_info=&#8221;{}&#8221;][\/et_pb_icon][et_pb_text _builder_version=&#8221;4.18.0&#8243; _module_preset=&#8221;default&#8221; text_font=&#8221;SmallTypeWriting||||||||&#8221; text_text_color=&#8221;#f1f9fb&#8221; link_font=&#8221;SmallTypeWriting-Medium|900|||on||||&#8221; link_text_color=&#8221;#E02B20&#8243; header_3_font=&#8221;ASTRONAUT||||||||&#8221; header_3_text_color=&#8221;#f1f9fb&#8221; text_font_size_tablet=&#8221;&#8221; text_font_size_phone=&#8221;16px&#8221; text_font_size_last_edited=&#8221;on|phone&#8221; global_colors_info=&#8221;{}&#8221;]<\/p>\n<h3 style=\"text-align: center;\">ENVOYER UN E-MAIL<\/h3>\n<p>&nbsp;<\/p>\n<p style=\"text-align: center;\"><a href=\"mailto:hello@dronesavoie.com\">hello@dronesavoie.com<\/a><\/p>\n<p>[\/et_pb_text][\/et_pb_column][\/et_pb_row][et_pb_row _builder_version=&#8221;4.18.0&#8243; _module_preset=&#8221;default&#8221; global_colors_info=&#8221;{}&#8221;][et_pb_column type=&#8221;4_4&#8243; _builder_version=&#8221;4.18.0&#8243; _module_preset=&#8221;default&#8221; global_colors_info=&#8221;{}&#8221;][et_pb_image src=&#8221;https:\/\/dronesavoie.com\/wp-content\/uploads\/2022\/09\/dronesavoie2.png&#8221; title_text=&#8221;dronesavoie2&#8243; align=&#8221;center&#8221; _builder_version=&#8221;4.18.0&#8243; _module_preset=&#8221;default&#8221; global_colors_info=&#8221;{}&#8221;][\/et_pb_image][et_pb_text _builder_version=&#8221;4.18.0&#8243; _module_preset=&#8221;default&#8221; text_font=&#8221;ASTRONAUT||||||||&#8221; text_text_color=&#8221;rgba(241,249,251,0.73)&#8221; custom_padding=&#8221;||0px|||&#8221; global_colors_info=&#8221;{}&#8221;]<\/p>\n<p style=\"text-align: center;\">SUIVEZ-NOUS SUR LES R\u00c9SEAUX SOCIAUX<\/p>\n<p>[\/et_pb_text][et_pb_social_media_follow _builder_version=&#8221;4.18.0&#8243; _module_preset=&#8221;default&#8221; text_orientation=&#8221;center&#8221; global_colors_info=&#8221;{}&#8221;][et_pb_social_media_follow_network social_network=&#8221;facebook&#8221; _builder_version=&#8221;4.18.0&#8243; _module_preset=&#8221;default&#8221; background_enable_color=&#8221;off&#8221; global_colors_info=&#8221;{}&#8221; follow_button=&#8221;off&#8221; url_new_window=&#8221;on&#8221;]facebook[\/et_pb_social_media_follow_network][et_pb_social_media_follow_network social_network=&#8221;instagram&#8221; _builder_version=&#8221;4.18.0&#8243; _module_preset=&#8221;default&#8221; background_enable_color=&#8221;off&#8221; global_colors_info=&#8221;{}&#8221; follow_button=&#8221;off&#8221; url_new_window=&#8221;on&#8221;]instagram[\/et_pb_social_media_follow_network][et_pb_social_media_follow_network social_network=&#8221;vimeo&#8221; icon_color=&#8221;#FFFFFF&#8221; _builder_version=&#8221;4.18.0&#8243; _module_preset=&#8221;default&#8221; background_enable_color=&#8221;off&#8221; global_colors_info=&#8221;{}&#8221; follow_button=&#8221;off&#8221; url_new_window=&#8221;on&#8221;]vimeo[\/et_pb_social_media_follow_network][\/et_pb_social_media_follow][et_pb_text _builder_version=&#8221;4.18.0&#8243; _module_preset=&#8221;default&#8221; link_font=&#8221;SmallTypeWriting-Medium||||on|||#f1f9fb|&#8221; link_text_color=&#8221;#f1f9fb&#8221; text_font_size_tablet=&#8221;&#8221; text_font_size_phone=&#8221;16px&#8221; text_font_size_last_edited=&#8221;on|phone&#8221; global_colors_info=&#8221;{}&#8221;]<\/p>\n<p style=\"text-align: center;\"><a href=\"http:\/\/www.dronesavoie.com\/mentions-legales\">Mentions L\u00e9gales<\/a> | <a href=\"http:\/\/www.dronesavoie.com\/politique-confidentialite\">Politique de Confidentialit\u00e9<\/a><br \/><a href=\"http:\/\/www.dronesavoie.com\/politique-cookies\">Politique de Cookies<\/a><\/p>\n<p>[\/et_pb_text][et_pb_text _builder_version=&#8221;4.18.0&#8243; _module_preset=&#8221;default&#8221; text_font=&#8221;SmallTypeWriting||||||||&#8221; text_text_color=&#8221;#f1f9fb&#8221; text_font_size_tablet=&#8221;&#8221; text_font_size_phone=&#8221;16px&#8221; text_font_size_last_edited=&#8221;on|phone&#8221; global_colors_info=&#8221;{}&#8221;]<\/p>\n<p style=\"text-align: center;\">Copyright \u00a9 Drone Savoie. Tout droit r\u00e9serv\u00e9.<\/p>\n<p>[\/et_pb_text][\/et_pb_column][\/et_pb_row][\/et_pb_section]<\/p>\n","protected":false},"excerpt":{"rendered":"<p>Disclaimer Propri\u00e9t\u00e9 Le site dronesavoie.com est la propri\u00e9t\u00e9 de CIARAN HEURTEAU, soci\u00e9t\u00e9 immatricul\u00e9e au RCS le 01\/02\/2014 sous le N\u00b0 de siret 800 699 258 00029. Responsable de la publication \u2013 Ciar\u00e1n Heurteau, G\u00e9rant. Si\u00e8ge social situ\u00e9, ROUTE DE LA MONTAGNE, Petite Bergerie, 73210, LA PLAGNE-TARENTAISE Tel : 06 48 11 50 23. Mail : hello@dronesavoie.com . Site con\u00e7u, r\u00e9alis\u00e9 par Ciar\u00e1n Heurteau et administr\u00e9 par Ciar\u00e1n Heurteau. CONDITIONS GENERALES D\u2019UTILISATION DU SITEHEBERGEMENT Site h\u00e9berg\u00e9 chez IONOS, RCS Sarreguemines B 431 303 775 00016 Code APE 6311Z Si\u00e8ge social : 7 PL DE LA GARE, 57200 SARREGUEMINES \u2013 France. Support WordPress : contact@wordpress-hebergement.fr REALISATIONS TECHNIQUES ET GRAPHIQUES Les informations fournies sur le site drone.com sont \u00e0 titre informatif, et ne saurait garantir l\u2019exactitude, la compl\u00e9tude, l\u2019actualit\u00e9 des informations diffus\u00e9es sur le site. Le responsable de la publication met tout en \u0153uvre pour offrir aux utilisateurs des informations v\u00e9rifi\u00e9s, mais ne saurait \u00eatre tenu pour responsable des erreurs, des omissions et d\u2019une absence de disponibilit\u00e9 des informations.En cons\u00e9quence, l\u2019utilisateur reconna\u00eet utiliser ces informations sous sa responsabilit\u00e9 exclusive. D\u2019une mani\u00e8re g\u00e9n\u00e9rale, le responsable de publication ne pourra \u00eatre tenu responsable des dommages directs ou indirects r\u00e9sultant de l\u2019utilisation du site, le site [&hellip;]<\/p>\n","protected":false},"author":1,"featured_media":0,"parent":0,"menu_order":0,"comment_status":"closed","ping_status":"closed","template":"","meta":{"_et_pb_use_builder":"on","_et_pb_old_content":"","_et_gb_content_width":"","_monsterinsights_skip_tracking":false,"_monsterinsights_sitenote_active":false,"_monsterinsights_sitenote_note":"","_monsterinsights_sitenote_category":0,"_uf_show_specific_survey":0,"_uf_disable_surveys":false,"footnotes":""},"class_list":["post-281","page","type-page","status-publish","hentry"],"aioseo_notices":[],"_links":{"self":[{"href":"https:\/\/dronesavoie.com\/en\/wp-json\/wp\/v2\/pages\/281","targetHints":{"allow":["GET"]}}],"collection":[{"href":"https:\/\/dronesavoie.com\/en\/wp-json\/wp\/v2\/pages"}],"about":[{"href":"https:\/\/dronesavoie.com\/en\/wp-json\/wp\/v2\/types\/page"}],"author":[{"embeddable":true,"href":"https:\/\/dronesavoie.com\/en\/wp-json\/wp\/v2\/users\/1"}],"replies":[{"embeddable":true,"href":"https:\/\/dronesavoie.com\/en\/wp-json\/wp\/v2\/comments?post=281"}],"version-history":[{"count":5,"href":"https:\/\/dronesavoie.com\/en\/wp-json\/wp\/v2\/pages\/281\/revisions"}],"predecessor-version":[{"id":286,"href":"https:\/\/dronesavoie.com\/en\/wp-json\/wp\/v2\/pages\/281\/revisions\/286"}],"wp:attachment":[{"href":"https:\/\/dronesavoie.com\/en\/wp-json\/wp\/v2\/media?parent=281"}],"curies":[{"name":"wp","href":"https:\/\/api.w.org\/{rel}","templated":true}]}}